{"id":3663,"date":"2025-12-12T13:18:47","date_gmt":"2025-12-12T12:18:47","guid":{"rendered":"https:\/\/marcin.pvcpro.eu\/?post_type=product&#038;p=3663"},"modified":"2026-03-18T16:12:39","modified_gmt":"2026-03-18T15:12:39","slug":"zebrovana-role-z-pvc","status":"publish","type":"product","link":"https:\/\/marcin.pvcpro.eu\/cs\/produkt\/rolka-pcv-zebrowana-polar\/","title":{"rendered":"Chladic\u00ed p\u00e1s z PVC rouna \u017eebrovan\u00fd - role"},"content":{"rendered":"<p>[et_pb_section fb_built=&#8221;1&#8243; _builder_version=&#8221;4.16&#8243; custom_padding=&#8221;0px||||false|false&#8221; global_colors_info=&#8221;{}&#8221;][et_pb_row _builder_version=&#8221;4.16&#8243; background_size=&#8221;initial&#8221; background_position=&#8221;top_left&#8221; background_repeat=&#8221;repeat&#8221; width=&#8221;100%&#8221; custom_padding=&#8221;0px||0px||false|false&#8221; global_colors_info=&#8221;{}&#8221;][et_pb_column type=&#8221;4_4&#8243; _builder_version=&#8221;4.16&#8243; custom_padding=&#8221;|||&#8221; global_colors_info=&#8221;{}&#8221; custom_padding__hover=&#8221;|||&#8221;][et_pb_wc_breadcrumb _builder_version=&#8221;4.16&#8243; global_colors_info=&#8221;{}&#8221;][\/et_pb_wc_breadcrumb][et_pb_wc_cart_notice _builder_version=&#8221;4.16&#8243; global_colors_info=&#8221;{}&#8221;][\/et_pb_wc_cart_notice][\/et_pb_column][\/et_pb_row][et_pb_row column_structure=&#8221;1_2,1_2&#8243; _builder_version=&#8221;4.16&#8243; background_size=&#8221;initial&#8221; background_position=&#8221;top_left&#8221; background_repeat=&#8221;repeat&#8221; width=&#8221;100%&#8221; custom_padding=&#8221;0px||||false|false&#8221; global_colors_info=&#8221;{}&#8221;][et_pb_column type=&#8221;1_2&#8243; _builder_version=&#8221;4.16&#8243; custom_padding=&#8221;|||&#8221; global_colors_info=&#8221;{}&#8221; custom_padding__hover=&#8221;|||&#8221;][et_pb_wc_images _builder_version=&#8221;4.16&#8243; global_colors_info=&#8221;{}&#8221;][\/et_pb_wc_images][\/et_pb_column][et_pb_column type=&#8221;1_2&#8243; _builder_version=&#8221;4.16&#8243; custom_padding=&#8221;|||&#8221; global_colors_info=&#8221;{}&#8221; custom_padding__hover=&#8221;|||&#8221;][et_pb_wc_title _builder_version=&#8221;4.27.5&#8243; header_font=&#8221;|700|||||||&#8221; header_font_size=&#8221;40px&#8221; custom_margin=&#8221;||15px||false|false&#8221; global_colors_info=&#8221;{}&#8221;][\/et_pb_wc_title][et_pb_wc_meta _builder_version=&#8221;4.27.5&#8243; body_font_size=&#8221;16px&#8221; custom_padding=&#8221;10px||||false|false&#8221; global_colors_info=&#8221;{}&#8221;][\/et_pb_wc_meta][et_pb_wc_price _builder_version=&#8221;4.27.5&#8243; body_font_size=&#8221;20px&#8221; global_colors_info=&#8221;{}&#8221;][\/et_pb_wc_price][et_pb_wc_description _builder_version=&#8221;4.16&#8243; global_colors_info=&#8221;{}&#8221;][\/et_pb_wc_description][et_pb_wc_add_to_cart module_class=&#8221;produktuklad&#8221; _builder_version=&#8221;4.27.5&#8243; fields_background_color=&#8221;#FFFFFF&#8221; border_radii_fields=&#8221;on|4px|4px|4px|4px&#8221; border_width_all_fields=&#8221;1px&#8221; border_color_all_fields=&#8221;#d6d6d6&#8243; global_colors_info=&#8221;{}&#8221;][\/et_pb_wc_add_to_cart][\/et_pb_column][\/et_pb_row][et_pb_row _builder_version=&#8221;4.16&#8243; background_size=&#8221;initial&#8221; background_position=&#8221;top_left&#8221; background_repeat=&#8221;repeat&#8221; width=&#8221;100%&#8221; global_colors_info=&#8221;{}&#8221;][et_pb_column type=&#8221;4_4&#8243; _builder_version=&#8221;4.16&#8243; custom_padding=&#8221;|||&#8221; global_colors_info=&#8221;{}&#8221; custom_padding__hover=&#8221;|||&#8221;][et_pb_wc_tabs _builder_version=&#8221;4.16&#8243; global_colors_info=&#8221;{}&#8221;]\t\t\t\t\t[\/et_pb_wc_tabs][et_pb_wc_upsells _builder_version=&#8221;4.16&#8243; global_colors_info=&#8221;{}&#8221;][\/et_pb_wc_upsells][et_pb_wc_related_products _builder_version=&#8221;4.16&#8243; global_colors_info=&#8221;{}&#8221;][\/et_pb_wc_related_products][\/et_pb_column][\/et_pb_row][\/et_pb_section]<\/p>\n","protected":false},"excerpt":{"rendered":"<p>\u017debrovan\u00fd PVC p\u00e1s pro chlad\u00edrensk\u00e9 sklady, odoln\u00fd proti od\u011bru zp\u016fsoben\u00e9mu provozem voz\u00edk\u016f.<br \/>\nCena je za 1 roli.<\/p>","protected":false},"featured_media":3664,"template":"","meta":{"_et_pb_use_builder":"on","_et_pb_old_content":"<h2>Pas PCV ch\u0142odniczy POLAR \u017cebrowany \u2013 wytrzyma\u0142o\u015b\u0107 na przetarcia w ch\u0142odniach<\/h2>\r\nPas POLAR \u017cebrowany \u0142\u0105czy elastyczno\u015b\u0107 typow\u0105 dla pas\u00f3w ch\u0142odniczych z dodatkowymi \u017cebrami ochronnymi, kt\u00f3re podnosz\u0105 odporno\u015b\u0107 na \u015bcieranie. To rozwi\u0105zanie specjalnie dla ch\u0142odni, w kt\u00f3rych wyst\u0119puje intensywny ruch w\u00f3zk\u00f3w i paleciak\u00f3w.\r\n<h2>Stabilna praca w niskich temperaturach<\/h2>\r\nDzi\u0119ki niskiej temperaturze krucho\u015bci pas pozostaje spr\u0119\u017cysty nawet poni\u017cej zera, co pozwala na jego d\u0142ugotrwa\u0142\u0105 i bezproblemow\u0105 eksploatacj\u0119. \u017bebra minimalizuj\u0105 kontakt powierzchni roboczej z elementami mechanicznymi, wyd\u0142u\u017caj\u0105c \u017cywotno\u015b\u0107 ca\u0142ej kurtyny.\r\n<h2>Idealny do ci\u0105g\u00f3w technologicznych i stref za\u0142adunkowych<\/h2>\r\nPOLAR \u017cebrowany sprawdza si\u0119 w miejscach o du\u017cej przepustowo\u015bci \u2013 w centrach dystrybucji, na zapleczach ch\u0142odniczych, rampach za\u0142adunkowych i w pomieszczeniach o obni\u017conej temperaturze. To najbardziej trwa\u0142e rozwi\u0105zanie do ch\u0142odni pracuj\u0105cych w trybie ci\u0105g\u0142ym.","_et_gb_content_width":"","_monsterinsights_skip_tracking":false,"_monsterinsights_sitenote_active":false,"_monsterinsights_sitenote_note":"","_monsterinsights_sitenote_category":0},"product_brand":[],"product_cat":[57],"product_tag":[],"class_list":{"0":"post-3663","1":"product","2":"type-product","3":"status-publish","4":"has-post-thumbnail","6":"product_cat-rolki","8":"first","9":"instock","10":"taxable","11":"shipping-taxable","12":"purchasable","13":"product-type-variable"},"yoast_head":"<!-- This site is optimized with the Yoast SEO Premium plugin v26.5 (Yoast SEO v27.4) - https:\/\/yoast.com\/product\/yoast-seo-premium-wordpress\/ -->\n<title>Pas PCV ch\u0142odniczy polar \u017cebrowany - rolka - PVC PRO<\/title>\n<meta name=\"robots\" content=\"noindex, follow, max-snippet:-1, max-image-preview:large, max-video-preview:-1\" \/>\n<meta property=\"og:locale\" content=\"cs_CZ\" \/>\n<meta property=\"og:type\" content=\"article\" \/>\n<meta property=\"og:title\" content=\"Pas PCV ch\u0142odniczy polar \u017cebrowany - rolka\" \/>\n<meta property=\"og:description\" content=\"\u017bebrowany pas PCV do ch\u0142odni, odporny na przetarcia przy ruchu w\u00f3zk\u00f3w. Cena dotyczy 1 rolki.\" \/>\n<meta property=\"og:url\" content=\"https:\/\/marcin.pvcpro.eu\/cs\/vyrobek\/zebrovana-role-z-pvc\/\" \/>\n<meta property=\"og:site_name\" content=\"PVC PRO\" \/>\n<meta property=\"article:publisher\" content=\"https:\/\/www.facebook.com\/people\/PVC-PRO\/61580923116227\" \/>\n<meta property=\"article:modified_time\" content=\"2026-03-18T15:12:39+00:00\" \/>\n<meta property=\"og:image\" content=\"https:\/\/marcin.pvcpro.eu\/wp-content\/uploads\/2025\/12\/rolka-zebrowana-polar.jpg\" \/>\n\t<meta property=\"og:image:width\" content=\"1000\" \/>\n\t<meta property=\"og:image:height\" content=\"1000\" \/>\n\t<meta property=\"og:image:type\" content=\"image\/jpeg\" \/>\n<meta name=\"twitter:card\" content=\"summary_large_image\" \/>\n<meta name=\"twitter:label1\" content=\"Odhadovan\u00e1 doba \u010dten\u00ed\" \/>\n\t<meta name=\"twitter:data1\" content=\"2 minuty\" \/>\n<script type=\"application\/ld+json\" class=\"yoast-schema-graph\">{\"@context\":\"https:\\\/\\\/schema.org\",\"@graph\":[{\"@type\":\"WebPage\",\"@id\":\"https:\\\/\\\/marcin.pvcpro.eu\\\/sv\\\/vara\\\/ribbad-fleece-pvc-rulle\\\/\",\"url\":\"https:\\\/\\\/marcin.pvcpro.eu\\\/sv\\\/vara\\\/ribbad-fleece-pvc-rulle\\\/\",\"name\":\"Pas PCV ch\u0142odniczy polar \u017cebrowany - rolka - PVC PRO\",\"isPartOf\":{\"@id\":\"https:\\\/\\\/marcin.pvcpro.eu\\\/en\\\/#website\"},\"primaryImageOfPage\":{\"@id\":\"https:\\\/\\\/marcin.pvcpro.eu\\\/sv\\\/vara\\\/ribbad-fleece-pvc-rulle\\\/#primaryimage\"},\"image\":{\"@id\":\"https:\\\/\\\/marcin.pvcpro.eu\\\/sv\\\/vara\\\/ribbad-fleece-pvc-rulle\\\/#primaryimage\"},\"thumbnailUrl\":\"https:\\\/\\\/marcin.pvcpro.eu\\\/wp-content\\\/uploads\\\/2025\\\/12\\\/rolka-zebrowana-polar.jpg\",\"datePublished\":\"2025-12-12T12:18:47+00:00\",\"dateModified\":\"2026-03-18T15:12:39+00:00\",\"breadcrumb\":{\"@id\":\"https:\\\/\\\/marcin.pvcpro.eu\\\/sv\\\/vara\\\/ribbad-fleece-pvc-rulle\\\/#breadcrumb\"},\"inLanguage\":\"cs\",\"potentialAction\":[{\"@type\":\"ReadAction\",\"target\":[\"https:\\\/\\\/marcin.pvcpro.eu\\\/sv\\\/vara\\\/ribbad-fleece-pvc-rulle\\\/\"]}]},{\"@type\":\"ImageObject\",\"inLanguage\":\"cs\",\"@id\":\"https:\\\/\\\/marcin.pvcpro.eu\\\/sv\\\/vara\\\/ribbad-fleece-pvc-rulle\\\/#primaryimage\",\"url\":\"https:\\\/\\\/marcin.pvcpro.eu\\\/wp-content\\\/uploads\\\/2025\\\/12\\\/rolka-zebrowana-polar.jpg\",\"contentUrl\":\"https:\\\/\\\/marcin.pvcpro.eu\\\/wp-content\\\/uploads\\\/2025\\\/12\\\/rolka-zebrowana-polar.jpg\",\"width\":1000,\"height\":1000,\"caption\":\"rolka zebrowana polar\"},{\"@type\":\"BreadcrumbList\",\"@id\":\"https:\\\/\\\/marcin.pvcpro.eu\\\/sv\\\/vara\\\/ribbad-fleece-pvc-rulle\\\/#breadcrumb\",\"itemListElement\":[{\"@type\":\"ListItem\",\"position\":1,\"name\":\"Home\",\"item\":\"https:\\\/\\\/marcin.pvcpro.eu\\\/\"},{\"@type\":\"ListItem\",\"position\":2,\"name\":\"Sklep\",\"item\":\"https:\\\/\\\/marcin.pvcpro.eu\\\/sklep\\\/\"},{\"@type\":\"ListItem\",\"position\":3,\"name\":\"Pas PCV ch\u0142odniczy polar \u017cebrowany &#8211; rolka\"}]},{\"@type\":\"WebSite\",\"@id\":\"https:\\\/\\\/marcin.pvcpro.eu\\\/en\\\/#website\",\"url\":\"https:\\\/\\\/marcin.pvcpro.eu\\\/en\\\/\",\"name\":\"PVC PRO\",\"description\":\"Producent kurtyn paskowych\",\"publisher\":{\"@id\":\"https:\\\/\\\/marcin.pvcpro.eu\\\/en\\\/#organization\"},\"potentialAction\":[{\"@type\":\"SearchAction\",\"target\":{\"@type\":\"EntryPoint\",\"urlTemplate\":\"https:\\\/\\\/marcin.pvcpro.eu\\\/en\\\/?s={search_term_string}\"},\"query-input\":{\"@type\":\"PropertyValueSpecification\",\"valueRequired\":true,\"valueName\":\"search_term_string\"}}],\"inLanguage\":\"cs\"},{\"@type\":\"Organization\",\"@id\":\"https:\\\/\\\/marcin.pvcpro.eu\\\/en\\\/#organization\",\"name\":\"PVC PRO\",\"url\":\"https:\\\/\\\/marcin.pvcpro.eu\\\/en\\\/\",\"logo\":{\"@type\":\"ImageObject\",\"inLanguage\":\"cs\",\"@id\":\"https:\\\/\\\/marcin.pvcpro.eu\\\/en\\\/#\\\/schema\\\/logo\\\/image\\\/\",\"url\":\"https:\\\/\\\/marcin.pvcpro.eu\\\/wp-content\\\/uploads\\\/2025\\\/08\\\/pvc-pro-logo.png\",\"contentUrl\":\"https:\\\/\\\/marcin.pvcpro.eu\\\/wp-content\\\/uploads\\\/2025\\\/08\\\/pvc-pro-logo.png\",\"width\":275,\"height\":55,\"caption\":\"PVC PRO\"},\"image\":{\"@id\":\"https:\\\/\\\/marcin.pvcpro.eu\\\/en\\\/#\\\/schema\\\/logo\\\/image\\\/\"},\"sameAs\":[\"https:\\\/\\\/www.facebook.com\\\/people\\\/PVC-PRO\\\/61580923116227\"]}]}<\/script>\n<!-- \/ Yoast SEO Premium plugin. -->","yoast_head_json":{"title":"Chladic\u00ed p\u00e1s z PVC, \u017eebrovan\u00fd rouno - role - PVC PRO","robots":{"index":"noindex","follow":"follow","max-snippet":"max-snippet:-1","max-image-preview":"max-image-preview:large","max-video-preview":"max-video-preview:-1"},"og_locale":"cs_CZ","og_type":"article","og_title":"Pas PCV ch\u0142odniczy polar \u017cebrowany - rolka","og_description":"\u017bebrowany pas PCV do ch\u0142odni, odporny na przetarcia przy ruchu w\u00f3zk\u00f3w. Cena dotyczy 1 rolki.","og_url":"https:\/\/marcin.pvcpro.eu\/cs\/vyrobek\/zebrovana-role-z-pvc\/","og_site_name":"PVC PRO","article_publisher":"https:\/\/www.facebook.com\/people\/PVC-PRO\/61580923116227","article_modified_time":"2026-03-18T15:12:39+00:00","og_image":[{"width":1000,"height":1000,"url":"https:\/\/marcin.pvcpro.eu\/wp-content\/uploads\/2025\/12\/rolka-zebrowana-polar.jpg","type":"image\/jpeg"}],"twitter_card":"summary_large_image","twitter_misc":{"Odhadovan\u00e1 doba \u010dten\u00ed":"2 minuty"},"schema":{"@context":"https:\/\/schema.org","@graph":[{"@type":"WebPage","@id":"https:\/\/marcin.pvcpro.eu\/sv\/vara\/ribbad-fleece-pvc-rulle\/","url":"https:\/\/marcin.pvcpro.eu\/sv\/vara\/ribbad-fleece-pvc-rulle\/","name":"Chladic\u00ed p\u00e1s z PVC, \u017eebrovan\u00fd rouno - role - PVC PRO","isPartOf":{"@id":"https:\/\/marcin.pvcpro.eu\/en\/#website"},"primaryImageOfPage":{"@id":"https:\/\/marcin.pvcpro.eu\/sv\/vara\/ribbad-fleece-pvc-rulle\/#primaryimage"},"image":{"@id":"https:\/\/marcin.pvcpro.eu\/sv\/vara\/ribbad-fleece-pvc-rulle\/#primaryimage"},"thumbnailUrl":"https:\/\/marcin.pvcpro.eu\/wp-content\/uploads\/2025\/12\/rolka-zebrowana-polar.jpg","datePublished":"2025-12-12T12:18:47+00:00","dateModified":"2026-03-18T15:12:39+00:00","breadcrumb":{"@id":"https:\/\/marcin.pvcpro.eu\/sv\/vara\/ribbad-fleece-pvc-rulle\/#breadcrumb"},"inLanguage":"cs","potentialAction":[{"@type":"ReadAction","target":["https:\/\/marcin.pvcpro.eu\/sv\/vara\/ribbad-fleece-pvc-rulle\/"]}]},{"@type":"ImageObject","inLanguage":"cs","@id":"https:\/\/marcin.pvcpro.eu\/sv\/vara\/ribbad-fleece-pvc-rulle\/#primaryimage","url":"https:\/\/marcin.pvcpro.eu\/wp-content\/uploads\/2025\/12\/rolka-zebrowana-polar.jpg","contentUrl":"https:\/\/marcin.pvcpro.eu\/wp-content\/uploads\/2025\/12\/rolka-zebrowana-polar.jpg","width":1000,"height":1000,"caption":"rolka zebrowana polar"},{"@type":"BreadcrumbList","@id":"https:\/\/marcin.pvcpro.eu\/sv\/vara\/ribbad-fleece-pvc-rulle\/#breadcrumb","itemListElement":[{"@type":"ListItem","position":1,"name":"Home","item":"https:\/\/marcin.pvcpro.eu\/"},{"@type":"ListItem","position":2,"name":"Sklep","item":"https:\/\/marcin.pvcpro.eu\/sklep\/"},{"@type":"ListItem","position":3,"name":"Pas PCV ch\u0142odniczy polar \u017cebrowany &#8211; rolka"}]},{"@type":"WebSite","@id":"https:\/\/marcin.pvcpro.eu\/en\/#website","url":"https:\/\/marcin.pvcpro.eu\/en\/","name":"PVC PRO","description":"V\u00fdrobce p\u00e1skov\u00fdch z\u00e1clon","publisher":{"@id":"https:\/\/marcin.pvcpro.eu\/en\/#organization"},"potentialAction":[{"@type":"SearchAction","target":{"@type":"EntryPoint","urlTemplate":"https:\/\/marcin.pvcpro.eu\/en\/?s={search_term_string}"},"query-input":{"@type":"PropertyValueSpecification","valueRequired":true,"valueName":"search_term_string"}}],"inLanguage":"cs"},{"@type":"Organization","@id":"https:\/\/marcin.pvcpro.eu\/en\/#organization","name":"PVC PRO","url":"https:\/\/marcin.pvcpro.eu\/en\/","logo":{"@type":"ImageObject","inLanguage":"cs","@id":"https:\/\/marcin.pvcpro.eu\/en\/#\/schema\/logo\/image\/","url":"https:\/\/marcin.pvcpro.eu\/wp-content\/uploads\/2025\/08\/pvc-pro-logo.png","contentUrl":"https:\/\/marcin.pvcpro.eu\/wp-content\/uploads\/2025\/08\/pvc-pro-logo.png","width":275,"height":55,"caption":"PVC PRO"},"image":{"@id":"https:\/\/marcin.pvcpro.eu\/en\/#\/schema\/logo\/image\/"},"sameAs":["https:\/\/www.facebook.com\/people\/PVC-PRO\/61580923116227"]}]}},"jetpack_sharing_enabled":true,"_links":{"self":[{"href":"https:\/\/marcin.pvcpro.eu\/cs\/wp-json\/wp\/v2\/product\/3663","targetHints":{"allow":["GET"]}}],"collection":[{"href":"https:\/\/marcin.pvcpro.eu\/cs\/wp-json\/wp\/v2\/product"}],"about":[{"href":"https:\/\/marcin.pvcpro.eu\/cs\/wp-json\/wp\/v2\/types\/product"}],"wp:featuredmedia":[{"embeddable":true,"href":"https:\/\/marcin.pvcpro.eu\/cs\/wp-json\/wp\/v2\/media\/3664"}],"wp:attachment":[{"href":"https:\/\/marcin.pvcpro.eu\/cs\/wp-json\/wp\/v2\/media?parent=3663"}],"wp:term":[{"taxonomy":"product_brand","embeddable":true,"href":"https:\/\/marcin.pvcpro.eu\/cs\/wp-json\/wp\/v2\/product_brand?post=3663"},{"taxonomy":"product_cat","embeddable":true,"href":"https:\/\/marcin.pvcpro.eu\/cs\/wp-json\/wp\/v2\/product_cat?post=3663"},{"taxonomy":"product_tag","embeddable":true,"href":"https:\/\/marcin.pvcpro.eu\/cs\/wp-json\/wp\/v2\/product_tag?post=3663"}],"curies":[{"name":"wp","href":"https:\/\/api.w.org\/{rel}","templated":true}]}}