{"id":1571,"date":"2024-09-12T11:02:06","date_gmt":"2024-09-12T09:02:06","guid":{"rendered":"https:\/\/marcin.pvcpro.eu\/?post_type=product&#038;p=986"},"modified":"2026-03-18T16:31:26","modified_gmt":"2026-03-18T15:31:26","slug":"nagler-50-stk","status":"publish","type":"product","link":"https:\/\/marcin.pvcpro.eu\/no\/produkt\/nity-50szt\/","title":{"rendered":"PVC-fleece kj\u00f8lebelte - rull"},"content":{"rendered":"<p>[et_pb_section fb_built=&#8221;1&#8243; _builder_version=&#8221;4.16&#8243; custom_padding=&#8221;0px||||false|false&#8221; global_colors_info=&#8221;{}&#8221;][et_pb_row _builder_version=&#8221;4.16&#8243; background_size=&#8221;initial&#8221; background_position=&#8221;top_left&#8221; background_repeat=&#8221;repeat&#8221; width=&#8221;100%&#8221; custom_padding=&#8221;0px||0px||false|false&#8221; global_colors_info=&#8221;{}&#8221;][et_pb_column type=&#8221;4_4&#8243; _builder_version=&#8221;4.16&#8243; custom_padding=&#8221;|||&#8221; global_colors_info=&#8221;{}&#8221; custom_padding__hover=&#8221;|||&#8221;][et_pb_wc_breadcrumb _builder_version=&#8221;4.16&#8243; global_colors_info=&#8221;{}&#8221;][\/et_pb_wc_breadcrumb][et_pb_wc_cart_notice _builder_version=&#8221;4.16&#8243; global_colors_info=&#8221;{}&#8221;][\/et_pb_wc_cart_notice][\/et_pb_column][\/et_pb_row][et_pb_row column_structure=&#8221;1_2,1_2&#8243; _builder_version=&#8221;4.16&#8243; background_size=&#8221;initial&#8221; background_position=&#8221;top_left&#8221; background_repeat=&#8221;repeat&#8221; width=&#8221;100%&#8221; custom_padding=&#8221;0px||||false|false&#8221; global_colors_info=&#8221;{}&#8221;][et_pb_column type=&#8221;1_2&#8243; _builder_version=&#8221;4.16&#8243; custom_padding=&#8221;|||&#8221; global_colors_info=&#8221;{}&#8221; custom_padding__hover=&#8221;|||&#8221;][et_pb_wc_images _builder_version=&#8221;4.16&#8243; global_colors_info=&#8221;{}&#8221;][\/et_pb_wc_images][\/et_pb_column][et_pb_column type=&#8221;1_2&#8243; _builder_version=&#8221;4.16&#8243; custom_padding=&#8221;|||&#8221; global_colors_info=&#8221;{}&#8221; custom_padding__hover=&#8221;|||&#8221;][et_pb_wc_title _builder_version=&#8221;4.27.5&#8243; header_font=&#8221;|700|||||||&#8221; header_font_size=&#8221;40px&#8221; custom_margin=&#8221;||15px||false|false&#8221; global_colors_info=&#8221;{}&#8221;][\/et_pb_wc_title][et_pb_wc_meta _builder_version=&#8221;4.27.5&#8243; body_font_size=&#8221;16px&#8221; custom_padding=&#8221;10px||||false|false&#8221; global_colors_info=&#8221;{}&#8221;][\/et_pb_wc_meta][et_pb_wc_price _builder_version=&#8221;4.27.5&#8243; body_font_size=&#8221;20px&#8221; global_colors_info=&#8221;{}&#8221;][\/et_pb_wc_price][et_pb_wc_description _builder_version=&#8221;4.16&#8243; global_colors_info=&#8221;{}&#8221;][\/et_pb_wc_description][et_pb_wc_add_to_cart module_class=&#8221;produktuklad&#8221; _builder_version=&#8221;4.27.5&#8243; fields_background_color=&#8221;#ffffff&#8221; custom_button=&#8221;on&#8221; button_icon=&#8221;\ue015||divi||400&#8243; border_radii_fields=&#8221;on|4px|4px|4px|4px&#8221; border_width_all_fields=&#8221;1px&#8221; border_color_all_fields=&#8221;#d6d6d6&#8243; global_colors_info=&#8221;{}&#8221;][\/et_pb_wc_add_to_cart][\/et_pb_column][\/et_pb_row][et_pb_row _builder_version=&#8221;4.16&#8243; background_size=&#8221;initial&#8221; background_position=&#8221;top_left&#8221; background_repeat=&#8221;repeat&#8221; width=&#8221;100%&#8221; global_colors_info=&#8221;{}&#8221;][et_pb_column type=&#8221;4_4&#8243; _builder_version=&#8221;4.16&#8243; custom_padding=&#8221;|||&#8221; global_colors_info=&#8221;{}&#8221; custom_padding__hover=&#8221;|||&#8221;][et_pb_wc_tabs _builder_version=&#8221;4.16&#8243; global_colors_info=&#8221;{}&#8221;] [\/et_pb_wc_tabs][et_pb_wc_upsells _builder_version=&#8221;4.16&#8243; global_colors_info=&#8221;{}&#8221;][\/et_pb_wc_upsells][et_pb_wc_related_products _builder_version=&#8221;4.16&#8243; global_colors_info=&#8221;{}&#8221;][\/et_pb_wc_related_products][\/et_pb_column][\/et_pb_row][\/et_pb_section]<\/p>\n","protected":false},"excerpt":{"rendered":"<p>Fleksibelt PVC-belte for kj\u00f8lelagre, som opprettholder egenskaper ved lave temperaturer.<br \/>\nPrisen er for 1 rull.<\/p>","protected":false},"featured_media":3656,"template":"","meta":{"_et_pb_use_builder":"on","_et_pb_old_content":"Nity do mocowania stalowych oku\u0107 na pasach PCV","_et_gb_content_width":"","_monsterinsights_skip_tracking":false,"_monsterinsights_sitenote_active":false,"_monsterinsights_sitenote_note":"","_monsterinsights_sitenote_category":0},"product_brand":[],"product_cat":[54],"product_tag":[],"class_list":{"0":"post-1571","1":"product","2":"type-product","3":"status-publish","4":"has-post-thumbnail","6":"product_cat-akcesoria","8":"first","9":"instock","10":"taxable","11":"shipping-taxable","12":"purchasable","13":"product-type-simple"},"yoast_head":"<!-- This site is optimized with the Yoast SEO Premium plugin v26.5 (Yoast SEO v27.4) - https:\/\/yoast.com\/product\/yoast-seo-premium-wordpress\/ -->\n<title>Nity do Mocowania Oku\u0107 Stalowych na Pasy PCV<\/title>\n<meta name=\"description\" content=\"Nity do mocowania stalowych oku\u0107 na pasach PCV. Zapewniaj\u0105 trwa\u0142o\u015b\u0107 i wytrzyma\u0142o\u015b\u0107 mocowania zas\u0142on PCV. Sprawd\u017a ofert\u0119!\" \/>\n<meta name=\"robots\" content=\"noindex, follow, max-snippet:-1, max-image-preview:large, max-video-preview:-1\" \/>\n<meta property=\"og:locale\" content=\"nb_NO\" \/>\n<meta property=\"og:type\" content=\"article\" \/>\n<meta property=\"og:title\" content=\"Nity do Mocowania Oku\u0107 Stalowych na Pasy PCV \u2013 Trwa\u0142e i Solidne\" \/>\n<meta property=\"og:description\" content=\"Nity do mocowania stalowych oku\u0107 na pasach PCV. Zapewniaj\u0105 trwa\u0142o\u015b\u0107 i wytrzyma\u0142o\u015b\u0107 mocowania zas\u0142on PCV. Sprawd\u017a ofert\u0119!\" \/>\n<meta property=\"og:url\" content=\"https:\/\/marcin.pvcpro.eu\/no\/artikkel\/nagler-50-stk\/\" \/>\n<meta property=\"og:site_name\" content=\"PVC PRO\" \/>\n<meta property=\"article:publisher\" content=\"https:\/\/www.facebook.com\/people\/PVC-PRO\/61580923116227\" \/>\n<meta property=\"article:modified_time\" content=\"2026-03-18T15:31:26+00:00\" \/>\n<meta property=\"og:image\" content=\"https:\/\/marcin.pvcpro.eu\/wp-content\/uploads\/2025\/12\/rolka-chlodnicza-polar.jpg\" \/>\n\t<meta property=\"og:image:width\" content=\"1000\" \/>\n\t<meta property=\"og:image:height\" content=\"1000\" \/>\n\t<meta property=\"og:image:type\" content=\"image\/jpeg\" \/>\n<meta name=\"twitter:card\" content=\"summary_large_image\" \/>\n<meta name=\"twitter:title\" content=\"Pas PCV ch\u0142odniczy polar - rolka\" \/>\n<meta name=\"twitter:label1\" content=\"Ansl. lesetid\" \/>\n\t<meta name=\"twitter:data1\" content=\"1 minutt\" \/>\n<script type=\"application\/ld+json\" class=\"yoast-schema-graph\">{\"@context\":\"https:\\\/\\\/schema.org\",\"@graph\":[{\"@type\":\"WebPage\",\"@id\":\"https:\\\/\\\/marcin.pvcpro.eu\\\/produkt\\\/nity-50szt\\\/\",\"url\":\"https:\\\/\\\/marcin.pvcpro.eu\\\/produkt\\\/nity-50szt\\\/\",\"name\":\"Nity do Mocowania Oku\u0107 Stalowych na Pasy PCV\",\"isPartOf\":{\"@id\":\"https:\\\/\\\/marcin.pvcpro.eu\\\/en\\\/#website\"},\"primaryImageOfPage\":{\"@id\":\"https:\\\/\\\/marcin.pvcpro.eu\\\/produkt\\\/nity-50szt\\\/#primaryimage\"},\"image\":{\"@id\":\"https:\\\/\\\/marcin.pvcpro.eu\\\/produkt\\\/nity-50szt\\\/#primaryimage\"},\"thumbnailUrl\":\"https:\\\/\\\/marcin.pvcpro.eu\\\/wp-content\\\/uploads\\\/2025\\\/12\\\/rolka-chlodnicza-polar.jpg\",\"datePublished\":\"2024-09-12T09:02:06+00:00\",\"dateModified\":\"2026-03-18T15:31:26+00:00\",\"description\":\"Nity do mocowania stalowych oku\u0107 na pasach PCV. Zapewniaj\u0105 trwa\u0142o\u015b\u0107 i wytrzyma\u0142o\u015b\u0107 mocowania zas\u0142on PCV. Sprawd\u017a ofert\u0119!\",\"breadcrumb\":{\"@id\":\"https:\\\/\\\/marcin.pvcpro.eu\\\/produkt\\\/nity-50szt\\\/#breadcrumb\"},\"inLanguage\":\"nb-NO\",\"potentialAction\":[{\"@type\":\"ReadAction\",\"target\":[\"https:\\\/\\\/marcin.pvcpro.eu\\\/produkt\\\/nity-50szt\\\/\"]}]},{\"@type\":\"ImageObject\",\"inLanguage\":\"nb-NO\",\"@id\":\"https:\\\/\\\/marcin.pvcpro.eu\\\/produkt\\\/nity-50szt\\\/#primaryimage\",\"url\":\"https:\\\/\\\/marcin.pvcpro.eu\\\/wp-content\\\/uploads\\\/2025\\\/12\\\/rolka-chlodnicza-polar.jpg\",\"contentUrl\":\"https:\\\/\\\/marcin.pvcpro.eu\\\/wp-content\\\/uploads\\\/2025\\\/12\\\/rolka-chlodnicza-polar.jpg\",\"width\":1000,\"height\":1000,\"caption\":\"Rolka ch\u0142odnicza polar\"},{\"@type\":\"BreadcrumbList\",\"@id\":\"https:\\\/\\\/marcin.pvcpro.eu\\\/produkt\\\/nity-50szt\\\/#breadcrumb\",\"itemListElement\":[{\"@type\":\"ListItem\",\"position\":1,\"name\":\"Home\",\"item\":\"https:\\\/\\\/marcin.pvcpro.eu\\\/\"},{\"@type\":\"ListItem\",\"position\":2,\"name\":\"Sklep\",\"item\":\"https:\\\/\\\/marcin.pvcpro.eu\\\/sklep\\\/\"},{\"@type\":\"ListItem\",\"position\":3,\"name\":\"Pas PCV ch\u0142odniczy polar &#8211; rolka\"}]},{\"@type\":\"WebSite\",\"@id\":\"https:\\\/\\\/marcin.pvcpro.eu\\\/en\\\/#website\",\"url\":\"https:\\\/\\\/marcin.pvcpro.eu\\\/en\\\/\",\"name\":\"PVC PRO\",\"description\":\"Producent kurtyn paskowych\",\"publisher\":{\"@id\":\"https:\\\/\\\/marcin.pvcpro.eu\\\/en\\\/#organization\"},\"potentialAction\":[{\"@type\":\"SearchAction\",\"target\":{\"@type\":\"EntryPoint\",\"urlTemplate\":\"https:\\\/\\\/marcin.pvcpro.eu\\\/en\\\/?s={search_term_string}\"},\"query-input\":{\"@type\":\"PropertyValueSpecification\",\"valueRequired\":true,\"valueName\":\"search_term_string\"}}],\"inLanguage\":\"nb-NO\"},{\"@type\":\"Organization\",\"@id\":\"https:\\\/\\\/marcin.pvcpro.eu\\\/en\\\/#organization\",\"name\":\"PVC PRO\",\"url\":\"https:\\\/\\\/marcin.pvcpro.eu\\\/en\\\/\",\"logo\":{\"@type\":\"ImageObject\",\"inLanguage\":\"nb-NO\",\"@id\":\"https:\\\/\\\/marcin.pvcpro.eu\\\/en\\\/#\\\/schema\\\/logo\\\/image\\\/\",\"url\":\"https:\\\/\\\/marcin.pvcpro.eu\\\/wp-content\\\/uploads\\\/2025\\\/08\\\/pvc-pro-logo.png\",\"contentUrl\":\"https:\\\/\\\/marcin.pvcpro.eu\\\/wp-content\\\/uploads\\\/2025\\\/08\\\/pvc-pro-logo.png\",\"width\":275,\"height\":55,\"caption\":\"PVC PRO\"},\"image\":{\"@id\":\"https:\\\/\\\/marcin.pvcpro.eu\\\/en\\\/#\\\/schema\\\/logo\\\/image\\\/\"},\"sameAs\":[\"https:\\\/\\\/www.facebook.com\\\/people\\\/PVC-PRO\\\/61580923116227\"]}]}<\/script>\n<!-- \/ Yoast SEO Premium plugin. -->","yoast_head_json":{"title":"Nagler for festing av st\u00e5lbeslag til PVC-belter","description":"Nagler for feste av st\u00e5lbeslag til PVC-lister. De sikrer holdbarheten og styrken til PVC-gardinfesting. Sjekk ut tilbudet v\u00e5rt!","robots":{"index":"noindex","follow":"follow","max-snippet":"max-snippet:-1","max-image-preview":"max-image-preview:large","max-video-preview":"max-video-preview:-1"},"og_locale":"nb_NO","og_type":"article","og_title":"Nity do Mocowania Oku\u0107 Stalowych na Pasy PCV \u2013 Trwa\u0142e i Solidne","og_description":"Nity do mocowania stalowych oku\u0107 na pasach PCV. Zapewniaj\u0105 trwa\u0142o\u015b\u0107 i wytrzyma\u0142o\u015b\u0107 mocowania zas\u0142on PCV. Sprawd\u017a ofert\u0119!","og_url":"https:\/\/marcin.pvcpro.eu\/no\/artikkel\/nagler-50-stk\/","og_site_name":"PVC PRO","article_publisher":"https:\/\/www.facebook.com\/people\/PVC-PRO\/61580923116227","article_modified_time":"2026-03-18T15:31:26+00:00","og_image":[{"width":1000,"height":1000,"url":"https:\/\/marcin.pvcpro.eu\/wp-content\/uploads\/2025\/12\/rolka-chlodnicza-polar.jpg","type":"image\/jpeg"}],"twitter_card":"summary_large_image","twitter_title":"Pas PCV ch\u0142odniczy polar - rolka","twitter_misc":{"Ansl. lesetid":"1 minutt"},"schema":{"@context":"https:\/\/schema.org","@graph":[{"@type":"WebPage","@id":"https:\/\/marcin.pvcpro.eu\/produkt\/nity-50szt\/","url":"https:\/\/marcin.pvcpro.eu\/produkt\/nity-50szt\/","name":"Nagler for festing av st\u00e5lbeslag til PVC-belter","isPartOf":{"@id":"https:\/\/marcin.pvcpro.eu\/en\/#website"},"primaryImageOfPage":{"@id":"https:\/\/marcin.pvcpro.eu\/produkt\/nity-50szt\/#primaryimage"},"image":{"@id":"https:\/\/marcin.pvcpro.eu\/produkt\/nity-50szt\/#primaryimage"},"thumbnailUrl":"https:\/\/marcin.pvcpro.eu\/wp-content\/uploads\/2025\/12\/rolka-chlodnicza-polar.jpg","datePublished":"2024-09-12T09:02:06+00:00","dateModified":"2026-03-18T15:31:26+00:00","description":"Nagler for feste av st\u00e5lbeslag til PVC-lister. De sikrer holdbarheten og styrken til PVC-gardinfesting. Sjekk ut tilbudet v\u00e5rt!","breadcrumb":{"@id":"https:\/\/marcin.pvcpro.eu\/produkt\/nity-50szt\/#breadcrumb"},"inLanguage":"nb-NO","potentialAction":[{"@type":"ReadAction","target":["https:\/\/marcin.pvcpro.eu\/produkt\/nity-50szt\/"]}]},{"@type":"ImageObject","inLanguage":"nb-NO","@id":"https:\/\/marcin.pvcpro.eu\/produkt\/nity-50szt\/#primaryimage","url":"https:\/\/marcin.pvcpro.eu\/wp-content\/uploads\/2025\/12\/rolka-chlodnicza-polar.jpg","contentUrl":"https:\/\/marcin.pvcpro.eu\/wp-content\/uploads\/2025\/12\/rolka-chlodnicza-polar.jpg","width":1000,"height":1000,"caption":"Rolka ch\u0142odnicza polar"},{"@type":"BreadcrumbList","@id":"https:\/\/marcin.pvcpro.eu\/produkt\/nity-50szt\/#breadcrumb","itemListElement":[{"@type":"ListItem","position":1,"name":"Home","item":"https:\/\/marcin.pvcpro.eu\/"},{"@type":"ListItem","position":2,"name":"Sklep","item":"https:\/\/marcin.pvcpro.eu\/sklep\/"},{"@type":"ListItem","position":3,"name":"Pas PCV ch\u0142odniczy polar &#8211; rolka"}]},{"@type":"WebSite","@id":"https:\/\/marcin.pvcpro.eu\/en\/#website","url":"https:\/\/marcin.pvcpro.eu\/en\/","name":"PVC PRO","description":"Produsent av stripegardiner","publisher":{"@id":"https:\/\/marcin.pvcpro.eu\/en\/#organization"},"potentialAction":[{"@type":"SearchAction","target":{"@type":"EntryPoint","urlTemplate":"https:\/\/marcin.pvcpro.eu\/en\/?s={search_term_string}"},"query-input":{"@type":"PropertyValueSpecification","valueRequired":true,"valueName":"search_term_string"}}],"inLanguage":"nb-NO"},{"@type":"Organization","@id":"https:\/\/marcin.pvcpro.eu\/en\/#organization","name":"PVC PRO","url":"https:\/\/marcin.pvcpro.eu\/en\/","logo":{"@type":"ImageObject","inLanguage":"nb-NO","@id":"https:\/\/marcin.pvcpro.eu\/en\/#\/schema\/logo\/image\/","url":"https:\/\/marcin.pvcpro.eu\/wp-content\/uploads\/2025\/08\/pvc-pro-logo.png","contentUrl":"https:\/\/marcin.pvcpro.eu\/wp-content\/uploads\/2025\/08\/pvc-pro-logo.png","width":275,"height":55,"caption":"PVC PRO"},"image":{"@id":"https:\/\/marcin.pvcpro.eu\/en\/#\/schema\/logo\/image\/"},"sameAs":["https:\/\/www.facebook.com\/people\/PVC-PRO\/61580923116227"]}]}},"jetpack_sharing_enabled":true,"_links":{"self":[{"href":"https:\/\/marcin.pvcpro.eu\/no\/wp-json\/wp\/v2\/product\/1571","targetHints":{"allow":["GET"]}}],"collection":[{"href":"https:\/\/marcin.pvcpro.eu\/no\/wp-json\/wp\/v2\/product"}],"about":[{"href":"https:\/\/marcin.pvcpro.eu\/no\/wp-json\/wp\/v2\/types\/product"}],"wp:featuredmedia":[{"embeddable":true,"href":"https:\/\/marcin.pvcpro.eu\/no\/wp-json\/wp\/v2\/media\/3656"}],"wp:attachment":[{"href":"https:\/\/marcin.pvcpro.eu\/no\/wp-json\/wp\/v2\/media?parent=1571"}],"wp:term":[{"taxonomy":"product_brand","embeddable":true,"href":"https:\/\/marcin.pvcpro.eu\/no\/wp-json\/wp\/v2\/product_brand?post=1571"},{"taxonomy":"product_cat","embeddable":true,"href":"https:\/\/marcin.pvcpro.eu\/no\/wp-json\/wp\/v2\/product_cat?post=1571"},{"taxonomy":"product_tag","embeddable":true,"href":"https:\/\/marcin.pvcpro.eu\/no\/wp-json\/wp\/v2\/product_tag?post=1571"}],"curies":[{"name":"wp","href":"https:\/\/api.w.org\/{rel}","templated":true}]}}