{"id":2522,"date":"2025-01-14T12:42:48","date_gmt":"2025-01-14T11:42:48","guid":{"rendered":"https:\/\/marcin.pvcpro.eu\/?post_type=product&#038;p=1937"},"modified":"2026-03-18T16:29:51","modified_gmt":"2026-03-18T15:29:51","slug":"standard-blatt-ikke-gjennomsiktig-belte","status":"publish","type":"product","link":"https:\/\/marcin.pvcpro.eu\/no\/produkt\/pas-standard-niebieski-nietransparentny\/","title":{"rendered":"Standard bl\u00e5tt, ikke-gjennomsiktig PVC-belte"},"content":{"rendered":"<p>[et_pb_section fb_built=&#8221;1&#8243; _builder_version=&#8221;4.16&#8243; custom_padding=&#8221;0px||||false|false&#8221; global_colors_info=&#8221;{}&#8221;][et_pb_row _builder_version=&#8221;4.16&#8243; background_size=&#8221;initial&#8221; background_position=&#8221;top_left&#8221; background_repeat=&#8221;repeat&#8221; width=&#8221;100%&#8221; custom_padding=&#8221;0px||0px||false|false&#8221; global_colors_info=&#8221;{}&#8221;][et_pb_column type=&#8221;4_4&#8243; _builder_version=&#8221;4.16&#8243; custom_padding=&#8221;|||&#8221; global_colors_info=&#8221;{}&#8221; custom_padding__hover=&#8221;|||&#8221;][et_pb_wc_breadcrumb _builder_version=&#8221;4.16&#8243; global_colors_info=&#8221;{}&#8221;][\/et_pb_wc_breadcrumb][et_pb_wc_cart_notice _builder_version=&#8221;4.16&#8243; global_colors_info=&#8221;{}&#8221;][\/et_pb_wc_cart_notice][\/et_pb_column][\/et_pb_row][et_pb_row column_structure=&#8221;1_2,1_2&#8243; _builder_version=&#8221;4.16&#8243; background_size=&#8221;initial&#8221; background_position=&#8221;top_left&#8221; background_repeat=&#8221;repeat&#8221; width=&#8221;100%&#8221; custom_padding=&#8221;0px||||false|false&#8221; global_colors_info=&#8221;{}&#8221;][et_pb_column type=&#8221;1_2&#8243; _builder_version=&#8221;4.16&#8243; custom_padding=&#8221;|||&#8221; global_colors_info=&#8221;{}&#8221; custom_padding__hover=&#8221;|||&#8221;][et_pb_wc_images _builder_version=&#8221;4.16&#8243; global_colors_info=&#8221;{}&#8221;][\/et_pb_wc_images][\/et_pb_column][et_pb_column type=&#8221;1_2&#8243; _builder_version=&#8221;4.16&#8243; custom_padding=&#8221;|||&#8221; global_colors_info=&#8221;{}&#8221; custom_padding__hover=&#8221;|||&#8221;][et_pb_wc_title _builder_version=&#8221;4.27.4&#8243; header_font=&#8221;|700|||||||&#8221; header_font_size=&#8221;40px&#8221; custom_margin=&#8221;||15px||false|false&#8221; global_colors_info=&#8221;{}&#8221;][\/et_pb_wc_title][et_pb_wc_meta _builder_version=&#8221;4.27.4&#8243; body_font_size=&#8221;16px&#8221; custom_padding=&#8221;10px||||false|false&#8221; global_colors_info=&#8221;{}&#8221;][\/et_pb_wc_meta][et_pb_wc_price _builder_version=&#8221;4.27.4&#8243; body_font_size=&#8221;20px&#8221; global_colors_info=&#8221;{}&#8221;][\/et_pb_wc_price][et_pb_wc_description _builder_version=&#8221;4.16&#8243; global_colors_info=&#8221;{}&#8221;][\/et_pb_wc_description][et_pb_wc_add_to_cart module_class=&#8221;produktuklad&#8221; _builder_version=&#8221;4.27.4&#8243; fields_background_color=&#8221;#FFFFFF&#8221; custom_button=&#8221;on&#8221; button_icon=&#8221;&#xe015;||divi||400&#8243; border_radii_fields=&#8221;on|4px|4px|4px|4px&#8221; border_width_all_fields=&#8221;1px&#8221; border_color_all_fields=&#8221;#d6d6d6&#8243; global_colors_info=&#8221;{}&#8221;][\/et_pb_wc_add_to_cart][\/et_pb_column][\/et_pb_row][et_pb_row _builder_version=&#8221;4.16&#8243; background_size=&#8221;initial&#8221; background_position=&#8221;top_left&#8221; background_repeat=&#8221;repeat&#8221; width=&#8221;100%&#8221; global_colors_info=&#8221;{}&#8221;][et_pb_column type=&#8221;4_4&#8243; _builder_version=&#8221;4.16&#8243; custom_padding=&#8221;|||&#8221; global_colors_info=&#8221;{}&#8221; custom_padding__hover=&#8221;|||&#8221;][et_pb_wc_tabs _builder_version=&#8221;4.16&#8243; global_colors_info=&#8221;{}&#8221;]\t\t\t\t\t[\/et_pb_wc_tabs][et_pb_wc_upsells _builder_version=&#8221;4.16&#8243; global_colors_info=&#8221;{}&#8221;][\/et_pb_wc_upsells][et_pb_wc_related_products _builder_version=&#8221;4.16&#8243; global_colors_info=&#8221;{}&#8221;][\/et_pb_wc_related_products][\/et_pb_column][\/et_pb_row][\/et_pb_section]<\/p>\n","protected":false},"excerpt":{"rendered":"<p>Bl\u00e5, ugjennomsiktig PVC-stripe for omr\u00e5der som krever visuell separasjon. Selges metervis.<br \/>\nPrisen er for 1 m belte.<\/p>","protected":false},"featured_media":2762,"template":"","meta":{"_et_pb_use_builder":"on","_et_pb_old_content":"<h2>Pas PCV standard niebieski nietransparentny \u2013 zas\u0142oni\u0119cie stref i wyra\u017ane oznaczenie obszar\u00f3w<\/h2>\r\nNiebieski, nietransparentny pas PCV pozwala ca\u0142kowicie zas\u0142oni\u0107 obszary robocze przy jednoczesnym wyra\u017anym oznaczeniu ich kolorem. Wykorzystywany w miejscach, gdzie chcemy ograniczy\u0107 widoczno\u015b\u0107 proces\u00f3w lub odizolowa\u0107 cz\u0119\u015b\u0107 produkcji lub magazynu. Estetyczny, trwa\u0142y i czytelny w oznakowaniu przestrzeni.\r\n<h2>Pas PCV STANDARD \u2013 niezawodne rozwi\u0105zanie do kurtyn paskowych<\/h2>\r\nPas PCV w wersji STANDARD to uniwersalne rozwi\u0105zanie stosowane w kurtynach paskowych montowanych w magazynach, zak\u0142adach produkcyjnych, warsztatach, ch\u0142odniach, przej\u015bciach technicznych oraz wsz\u0119dzie tam, gdzie potrzebna jest skuteczna separacja stref.\r\n\r\nMateria\u0142 charakteryzuje si\u0119 wysok\u0105 elastyczno\u015bci\u0105, dobr\u0105 odporno\u015bci\u0105 mechaniczn\u0105 oraz stabilno\u015bci\u0105 wymiarow\u0105, co przek\u0142ada si\u0119 na d\u0142ug\u0105 i bezproblemow\u0105 eksploatacj\u0119 nawet przy intensywnym ruchu pieszym i ko\u0142owym.\r\n<h2>W\u0142a\u015bciwo\u015bci materia\u0142u o potwierdzonej jako\u015bci<\/h2>\r\nKa\u017cdy pas PCV STANDARD oferowane w PVC PRO pochodzi od renomowanych producent\u00f3w i spe\u0142niaj\u0105 rygorystyczne normy europejskie.\r\n\r\n<strong>Materia\u0142 wykazuje:<\/strong>\r\n<ul>\r\n \t<li>wysok\u0105 przejrzysto\u015b\u0107 (dla wersji transparentnych) lub pe\u0142ne krycie (dla wersji nietransparentnych),<\/li>\r\n \t<li>odpowiedni\u0105 twardo\u015b\u0107 Shore A (\u224880),<\/li>\r\n \t<li>du\u017c\u0105 wytrzyma\u0142o\u015b\u0107 na rozci\u0105ganie i rozerwanie,<\/li>\r\n \t<li>elastyczno\u015b\u0107 zachowan\u0105 w szerokim zakresie temperatur,<\/li>\r\n \t<li>odporno\u015b\u0107 na wiele czynnik\u00f3w spotykanych w \u015brodowisku przemys\u0142owym.<\/li>\r\n<\/ul>\r\nKa\u017cda partia materia\u0142u jest zgodna z aktualnymi regulacjami REACH i wolna od BPA, silikonu oraz substancji SVHC wymienionych w deklaracjach producenta.\r\n<h2>Kompatybilne z systemami monta\u017cowymi PVC PRO<\/h2>\r\nWszystkie pasy STANDARD s\u0105 w pe\u0142ni kompatybilne z listwami grzbietowymi i blaszkami monta\u017cowymi sprzedawanymi w sklepie PVC PRO. Dzi\u0119ki temu \u0142atwo je zamontowa\u0107, wymieni\u0107 lub uzupe\u0142ni\u0107 \u2014 zar\u00f3wno w gotowych kurtynach, jak i w systemach zaprojektowanych samodzielnie.","_et_gb_content_width":"","_monsterinsights_skip_tracking":false,"_monsterinsights_sitenote_active":false,"_monsterinsights_sitenote_note":"","_monsterinsights_sitenote_category":0},"product_brand":[],"product_cat":[51],"product_tag":[],"class_list":{"0":"post-2522","1":"product","2":"type-product","3":"status-publish","4":"has-post-thumbnail","6":"product_cat-pasy","8":"first","9":"instock","10":"taxable","11":"shipping-taxable","12":"purchasable","13":"product-type-variable"},"yoast_head":"<!-- This site is optimized with the Yoast SEO Premium plugin v26.5 (Yoast SEO v27.4) - https:\/\/yoast.com\/product\/yoast-seo-premium-wordpress\/ -->\n<title>Pas PCV niebieski nietransparentny - zas\u0142oni\u0119cie i oznaczenie stref<\/title>\n<meta name=\"description\" content=\"Niebieski nietransparentny pas PCV do pe\u0142nego zas\u0142oni\u0119cia i czytelnego oznaczania obszar\u00f3w roboczych.\" \/>\n<meta name=\"robots\" content=\"noindex, follow, max-snippet:-1, max-image-preview:large, max-video-preview:-1\" \/>\n<meta property=\"og:locale\" content=\"nb_NO\" \/>\n<meta property=\"og:type\" content=\"article\" \/>\n<meta property=\"og:title\" content=\"Pas PCV standard niebieski nietransparentny\" \/>\n<meta property=\"og:description\" content=\"Niebieski nietransparentny pas PCV do pe\u0142nego zas\u0142oni\u0119cia i czytelnego oznaczania obszar\u00f3w roboczych.\" \/>\n<meta property=\"og:url\" content=\"https:\/\/marcin.pvcpro.eu\/no\/artikkel\/standard-blatt-ikke-gjennomsiktig-belte\/\" \/>\n<meta property=\"og:site_name\" content=\"PVC PRO\" \/>\n<meta property=\"article:publisher\" content=\"https:\/\/www.facebook.com\/people\/PVC-PRO\/61580923116227\" \/>\n<meta property=\"article:modified_time\" content=\"2026-03-18T15:29:51+00:00\" \/>\n<meta property=\"og:image\" content=\"https:\/\/marcin.pvcpro.eu\/wp-content\/uploads\/2025\/01\/folia-nietransparentna-niebieska-1.jpg\" \/>\n\t<meta property=\"og:image:width\" content=\"600\" \/>\n\t<meta property=\"og:image:height\" content=\"600\" \/>\n\t<meta property=\"og:image:type\" content=\"image\/jpeg\" \/>\n<meta name=\"twitter:card\" content=\"summary_large_image\" \/>\n<meta name=\"twitter:label1\" content=\"Ansl. lesetid\" \/>\n\t<meta name=\"twitter:data1\" content=\"1 minutt\" \/>\n<script type=\"application\/ld+json\" class=\"yoast-schema-graph\">{\"@context\":\"https:\\\/\\\/schema.org\",\"@graph\":[{\"@type\":\"WebPage\",\"@id\":\"https:\\\/\\\/marcin.pvcpro.eu\\\/cs\\\/vyrobek\\\/standardni-modry-nepruhledny-pas\\\/\",\"url\":\"https:\\\/\\\/marcin.pvcpro.eu\\\/cs\\\/vyrobek\\\/standardni-modry-nepruhledny-pas\\\/\",\"name\":\"Pas PCV niebieski nietransparentny - zas\u0142oni\u0119cie i oznaczenie stref\",\"isPartOf\":{\"@id\":\"https:\\\/\\\/marcin.pvcpro.eu\\\/en\\\/#website\"},\"primaryImageOfPage\":{\"@id\":\"https:\\\/\\\/marcin.pvcpro.eu\\\/cs\\\/vyrobek\\\/standardni-modry-nepruhledny-pas\\\/#primaryimage\"},\"image\":{\"@id\":\"https:\\\/\\\/marcin.pvcpro.eu\\\/cs\\\/vyrobek\\\/standardni-modry-nepruhledny-pas\\\/#primaryimage\"},\"thumbnailUrl\":\"https:\\\/\\\/marcin.pvcpro.eu\\\/wp-content\\\/uploads\\\/2025\\\/01\\\/folia-nietransparentna-niebieska-1.jpg\",\"datePublished\":\"2025-01-14T11:42:48+00:00\",\"dateModified\":\"2026-03-18T15:29:51+00:00\",\"description\":\"Niebieski nietransparentny pas PCV do pe\u0142nego zas\u0142oni\u0119cia i czytelnego oznaczania obszar\u00f3w roboczych.\",\"breadcrumb\":{\"@id\":\"https:\\\/\\\/marcin.pvcpro.eu\\\/cs\\\/vyrobek\\\/standardni-modry-nepruhledny-pas\\\/#breadcrumb\"},\"inLanguage\":\"nb-NO\",\"potentialAction\":[{\"@type\":\"ReadAction\",\"target\":[\"https:\\\/\\\/marcin.pvcpro.eu\\\/cs\\\/vyrobek\\\/standardni-modry-nepruhledny-pas\\\/\"]}]},{\"@type\":\"ImageObject\",\"inLanguage\":\"nb-NO\",\"@id\":\"https:\\\/\\\/marcin.pvcpro.eu\\\/cs\\\/vyrobek\\\/standardni-modry-nepruhledny-pas\\\/#primaryimage\",\"url\":\"https:\\\/\\\/marcin.pvcpro.eu\\\/wp-content\\\/uploads\\\/2025\\\/01\\\/folia-nietransparentna-niebieska-1.jpg\",\"contentUrl\":\"https:\\\/\\\/marcin.pvcpro.eu\\\/wp-content\\\/uploads\\\/2025\\\/01\\\/folia-nietransparentna-niebieska-1.jpg\",\"width\":600,\"height\":600},{\"@type\":\"BreadcrumbList\",\"@id\":\"https:\\\/\\\/marcin.pvcpro.eu\\\/cs\\\/vyrobek\\\/standardni-modry-nepruhledny-pas\\\/#breadcrumb\",\"itemListElement\":[{\"@type\":\"ListItem\",\"position\":1,\"name\":\"Home\",\"item\":\"https:\\\/\\\/marcin.pvcpro.eu\\\/\"},{\"@type\":\"ListItem\",\"position\":2,\"name\":\"Sklep\",\"item\":\"https:\\\/\\\/marcin.pvcpro.eu\\\/sklep\\\/\"},{\"@type\":\"ListItem\",\"position\":3,\"name\":\"Pas PCV standard niebieski nietransparentny\"}]},{\"@type\":\"WebSite\",\"@id\":\"https:\\\/\\\/marcin.pvcpro.eu\\\/en\\\/#website\",\"url\":\"https:\\\/\\\/marcin.pvcpro.eu\\\/en\\\/\",\"name\":\"PVC PRO\",\"description\":\"Producent kurtyn paskowych\",\"publisher\":{\"@id\":\"https:\\\/\\\/marcin.pvcpro.eu\\\/en\\\/#organization\"},\"potentialAction\":[{\"@type\":\"SearchAction\",\"target\":{\"@type\":\"EntryPoint\",\"urlTemplate\":\"https:\\\/\\\/marcin.pvcpro.eu\\\/en\\\/?s={search_term_string}\"},\"query-input\":{\"@type\":\"PropertyValueSpecification\",\"valueRequired\":true,\"valueName\":\"search_term_string\"}}],\"inLanguage\":\"nb-NO\"},{\"@type\":\"Organization\",\"@id\":\"https:\\\/\\\/marcin.pvcpro.eu\\\/en\\\/#organization\",\"name\":\"PVC PRO\",\"url\":\"https:\\\/\\\/marcin.pvcpro.eu\\\/en\\\/\",\"logo\":{\"@type\":\"ImageObject\",\"inLanguage\":\"nb-NO\",\"@id\":\"https:\\\/\\\/marcin.pvcpro.eu\\\/en\\\/#\\\/schema\\\/logo\\\/image\\\/\",\"url\":\"https:\\\/\\\/marcin.pvcpro.eu\\\/wp-content\\\/uploads\\\/2025\\\/08\\\/pvc-pro-logo.png\",\"contentUrl\":\"https:\\\/\\\/marcin.pvcpro.eu\\\/wp-content\\\/uploads\\\/2025\\\/08\\\/pvc-pro-logo.png\",\"width\":275,\"height\":55,\"caption\":\"PVC PRO\"},\"image\":{\"@id\":\"https:\\\/\\\/marcin.pvcpro.eu\\\/en\\\/#\\\/schema\\\/logo\\\/image\\\/\"},\"sameAs\":[\"https:\\\/\\\/www.facebook.com\\\/people\\\/PVC-PRO\\\/61580923116227\"]}]}<\/script>\n<!-- \/ Yoast SEO Premium plugin. -->","yoast_head_json":{"title":"Bl\u00e5, ikke-gjennomsiktig PVC-stripe \u2013 dekker og markerer soner","description":"Bl\u00e5, ugjennomsiktig PVC-stripe for fullstendig dekning og tydelig merking av arbeidsomr\u00e5der.","robots":{"index":"noindex","follow":"follow","max-snippet":"max-snippet:-1","max-image-preview":"max-image-preview:large","max-video-preview":"max-video-preview:-1"},"og_locale":"nb_NO","og_type":"article","og_title":"Pas PCV standard niebieski nietransparentny","og_description":"Niebieski nietransparentny pas PCV do pe\u0142nego zas\u0142oni\u0119cia i czytelnego oznaczania obszar\u00f3w roboczych.","og_url":"https:\/\/marcin.pvcpro.eu\/no\/artikkel\/standard-blatt-ikke-gjennomsiktig-belte\/","og_site_name":"PVC PRO","article_publisher":"https:\/\/www.facebook.com\/people\/PVC-PRO\/61580923116227","article_modified_time":"2026-03-18T15:29:51+00:00","og_image":[{"width":600,"height":600,"url":"https:\/\/marcin.pvcpro.eu\/wp-content\/uploads\/2025\/01\/folia-nietransparentna-niebieska-1.jpg","type":"image\/jpeg"}],"twitter_card":"summary_large_image","twitter_misc":{"Ansl. lesetid":"1 minutt"},"schema":{"@context":"https:\/\/schema.org","@graph":[{"@type":"WebPage","@id":"https:\/\/marcin.pvcpro.eu\/cs\/vyrobek\/standardni-modry-nepruhledny-pas\/","url":"https:\/\/marcin.pvcpro.eu\/cs\/vyrobek\/standardni-modry-nepruhledny-pas\/","name":"Bl\u00e5, ikke-gjennomsiktig PVC-stripe \u2013 dekker og markerer soner","isPartOf":{"@id":"https:\/\/marcin.pvcpro.eu\/en\/#website"},"primaryImageOfPage":{"@id":"https:\/\/marcin.pvcpro.eu\/cs\/vyrobek\/standardni-modry-nepruhledny-pas\/#primaryimage"},"image":{"@id":"https:\/\/marcin.pvcpro.eu\/cs\/vyrobek\/standardni-modry-nepruhledny-pas\/#primaryimage"},"thumbnailUrl":"https:\/\/marcin.pvcpro.eu\/wp-content\/uploads\/2025\/01\/folia-nietransparentna-niebieska-1.jpg","datePublished":"2025-01-14T11:42:48+00:00","dateModified":"2026-03-18T15:29:51+00:00","description":"Bl\u00e5, ugjennomsiktig PVC-stripe for fullstendig dekning og tydelig merking av arbeidsomr\u00e5der.","breadcrumb":{"@id":"https:\/\/marcin.pvcpro.eu\/cs\/vyrobek\/standardni-modry-nepruhledny-pas\/#breadcrumb"},"inLanguage":"nb-NO","potentialAction":[{"@type":"ReadAction","target":["https:\/\/marcin.pvcpro.eu\/cs\/vyrobek\/standardni-modry-nepruhledny-pas\/"]}]},{"@type":"ImageObject","inLanguage":"nb-NO","@id":"https:\/\/marcin.pvcpro.eu\/cs\/vyrobek\/standardni-modry-nepruhledny-pas\/#primaryimage","url":"https:\/\/marcin.pvcpro.eu\/wp-content\/uploads\/2025\/01\/folia-nietransparentna-niebieska-1.jpg","contentUrl":"https:\/\/marcin.pvcpro.eu\/wp-content\/uploads\/2025\/01\/folia-nietransparentna-niebieska-1.jpg","width":600,"height":600},{"@type":"BreadcrumbList","@id":"https:\/\/marcin.pvcpro.eu\/cs\/vyrobek\/standardni-modry-nepruhledny-pas\/#breadcrumb","itemListElement":[{"@type":"ListItem","position":1,"name":"Home","item":"https:\/\/marcin.pvcpro.eu\/"},{"@type":"ListItem","position":2,"name":"Sklep","item":"https:\/\/marcin.pvcpro.eu\/sklep\/"},{"@type":"ListItem","position":3,"name":"Pas PCV standard niebieski nietransparentny"}]},{"@type":"WebSite","@id":"https:\/\/marcin.pvcpro.eu\/en\/#website","url":"https:\/\/marcin.pvcpro.eu\/en\/","name":"PVC PRO","description":"Produsent av stripegardiner","publisher":{"@id":"https:\/\/marcin.pvcpro.eu\/en\/#organization"},"potentialAction":[{"@type":"SearchAction","target":{"@type":"EntryPoint","urlTemplate":"https:\/\/marcin.pvcpro.eu\/en\/?s={search_term_string}"},"query-input":{"@type":"PropertyValueSpecification","valueRequired":true,"valueName":"search_term_string"}}],"inLanguage":"nb-NO"},{"@type":"Organization","@id":"https:\/\/marcin.pvcpro.eu\/en\/#organization","name":"PVC PRO","url":"https:\/\/marcin.pvcpro.eu\/en\/","logo":{"@type":"ImageObject","inLanguage":"nb-NO","@id":"https:\/\/marcin.pvcpro.eu\/en\/#\/schema\/logo\/image\/","url":"https:\/\/marcin.pvcpro.eu\/wp-content\/uploads\/2025\/08\/pvc-pro-logo.png","contentUrl":"https:\/\/marcin.pvcpro.eu\/wp-content\/uploads\/2025\/08\/pvc-pro-logo.png","width":275,"height":55,"caption":"PVC PRO"},"image":{"@id":"https:\/\/marcin.pvcpro.eu\/en\/#\/schema\/logo\/image\/"},"sameAs":["https:\/\/www.facebook.com\/people\/PVC-PRO\/61580923116227"]}]}},"jetpack_sharing_enabled":true,"_links":{"self":[{"href":"https:\/\/marcin.pvcpro.eu\/no\/wp-json\/wp\/v2\/product\/2522","targetHints":{"allow":["GET"]}}],"collection":[{"href":"https:\/\/marcin.pvcpro.eu\/no\/wp-json\/wp\/v2\/product"}],"about":[{"href":"https:\/\/marcin.pvcpro.eu\/no\/wp-json\/wp\/v2\/types\/product"}],"wp:featuredmedia":[{"embeddable":true,"href":"https:\/\/marcin.pvcpro.eu\/no\/wp-json\/wp\/v2\/media\/2762"}],"wp:attachment":[{"href":"https:\/\/marcin.pvcpro.eu\/no\/wp-json\/wp\/v2\/media?parent=2522"}],"wp:term":[{"taxonomy":"product_brand","embeddable":true,"href":"https:\/\/marcin.pvcpro.eu\/no\/wp-json\/wp\/v2\/product_brand?post=2522"},{"taxonomy":"product_cat","embeddable":true,"href":"https:\/\/marcin.pvcpro.eu\/no\/wp-json\/wp\/v2\/product_cat?post=2522"},{"taxonomy":"product_tag","embeddable":true,"href":"https:\/\/marcin.pvcpro.eu\/no\/wp-json\/wp\/v2\/product_tag?post=2522"}],"curies":[{"name":"wp","href":"https:\/\/api.w.org\/{rel}","templated":true}]}}